{"id":46,"date":"2014-09-18T23:26:01","date_gmt":"2014-09-18T21:26:01","guid":{"rendered":"http:\/\/www.conserto.de\/_CO\/wp\/?page_id=46"},"modified":"2025-05-19T08:18:46","modified_gmt":"2025-05-19T06:18:46","slug":"kontakt-und-impressum","status":"publish","type":"page","link":"http:\/\/www.conserto.de\/_CO\/wp\/?page_id=46","title":{"rendered":"Impressum"},"content":{"rendered":"<p>Verantwortlicher Betreiber und Inhaber dieser Webpr\u00e4senz ist:<\/p>\n<h1>Conserto GmbH<\/h1>\n<p><strong>Telefon:\u00a0\u00a0\u00a0\u00a0\u00a0\u00a0\u00a0\u00a0\u00a0\u00a0\u00a0\u00a0\u00a0\u00a0\u00a0\u00a0\u00a0\u00a0\u00a0\u00a0\u00a0<\/strong>+ 49 &#8211; 172 7132 503<br \/>\n<strong>E-Mail:\u00a0\u00a0\u00a0\u00a0\u00a0\u00a0\u00a0\u00a0\u00a0\u00a0\u00a0\u00a0\u00a0\u00a0\u00a0\u00a0\u00a0\u00a0\u00a0\u00a0\u00a0\u00a0\u00a0\u00a0<\/strong>conserto (at) conserto.de<br \/>\n<strong>Postanschrift:\u00a0\u00a0\u00a0\u00a0\u00a0\u00a0\u00a0\u00a0\u00a0\u00a0<\/strong>U. Rode &#8211; Conserto GmbH &#8211; Anna-Kloos-Stra\u00dfe 27 &#8211;\u00a061169 Friedberg<\/p>\n<p><strong>Firmensitz<\/strong><strong>:\u00a0\u00a0\u00a0\u00a0\u00a0\u00a0\u00a0\u00a0\u00a0\u00a0\u00a0\u00a0\u00a0\u00a0\u00a0 <\/strong>Krumme Stra\u00dfe 12 &#8211; 31655 Stadthagen<br \/>\n<strong>Gesch\u00e4ftsf\u00fchrer:\u00a0\u00a0\u00a0\u00a0\u00a0<\/strong>Dipl.-Wirtsch.-Ing. Ulrich Rode<strong><br \/>\n<\/strong><strong>Handelsregister:\u00a0\u00a0\u00a0\u00a0\u00a0\u00a0<\/strong>Stadthagen, HRB 1222<br \/>\n<strong>USt-Ident.Nr.:\u00a0\u00a0\u00a0\u00a0\u00a0\u00a0\u00a0\u00a0\u00a0\u00a0\u00a0<\/strong>DE 213865960<\/p>\n<h2><strong>Disclaimer:<\/strong><\/h2>\n<p>Das Landgericht Hamburg hat mit Urteil vom 12.05.1998 entschieden, dass man durch die Ausbringung eines Links die Inhalte der gelinkten Seite ggf. mit zu verantworten hat. Dies kann &#8211; so das LG &#8211; nur dadurch verhindert werden, dass man sich ausdr\u00fccklich von diesen Inhalten distanziert. Wir haben auf unserer Homepage Links zu anderen Seiten im Internet gelegt. F\u00fcr all diese Links gilt: &#8222;Wir m\u00f6chten ausdr\u00fccklich betonen, dass wir keinerlei Einfluss auf die Gestaltung und die Inhalte der gelinkten Seiten haben. Deshalb distanzieren wir uns hiermit ausdr\u00fccklich von allen Inhalten aller gelinkten Seiten auf unserer gesamten Webseite inkl. aller Unterseiten. Diese Erkl\u00e4rung gilt f\u00fcr alle auf unserer Webseite ausgebrachten Links und f\u00fcr alle Inhalte der Seiten, zu denen Links oder Banner f\u00fchren.&#8220;<br \/>\n<strong><br \/>\n\u00a9 CONSERTO GmbH 2025<\/strong><\/p>\n","protected":false},"excerpt":{"rendered":"<p>Verantwortlicher Betreiber und Inhaber dieser Webpr\u00e4senz ist: Conserto GmbH Telefon:\u00a0\u00a0\u00a0\u00a0\u00a0\u00a0\u00a0\u00a0\u00a0\u00a0\u00a0\u00a0\u00a0\u00a0\u00a0\u00a0\u00a0\u00a0\u00a0\u00a0\u00a0+ 49 &#8211; 172 7132 503 E-Mail:\u00a0\u00a0\u00a0\u00a0\u00a0\u00a0\u00a0\u00a0\u00a0\u00a0\u00a0\u00a0\u00a0\u00a0\u00a0\u00a0\u00a0\u00a0\u00a0\u00a0\u00a0\u00a0\u00a0\u00a0conserto (at) conserto.de Postanschrift:\u00a0\u00a0\u00a0\u00a0\u00a0\u00a0\u00a0\u00a0\u00a0\u00a0U. Rode &#8211; Conserto GmbH &#8211; Anna-Kloos-Stra\u00dfe 27 &#8211;\u00a061169 Friedberg Firmensitz:\u00a0\u00a0\u00a0\u00a0\u00a0\u00a0\u00a0\u00a0\u00a0\u00a0\u00a0\u00a0\u00a0\u00a0\u00a0 Krumme Stra\u00dfe 12 &#8211; 31655 Stadthagen Gesch\u00e4ftsf\u00fchrer:\u00a0\u00a0\u00a0\u00a0\u00a0Dipl.-Wirtsch.-Ing. Ulrich Rode Handelsregister:\u00a0\u00a0\u00a0\u00a0\u00a0\u00a0Stadthagen, HRB 1222 USt-Ident.Nr.:\u00a0\u00a0\u00a0\u00a0\u00a0\u00a0\u00a0\u00a0\u00a0\u00a0\u00a0DE 213865960 Disclaimer: Das Landgericht Hamburg hat mit Urteil vom 12.05.1998 entschieden, dass man [&hellip;]<\/p>\n","protected":false},"author":1,"featured_media":0,"parent":0,"menu_order":0,"comment_status":"closed","ping_status":"closed","template":"page-templates\/full-width.php","meta":[],"_links":{"self":[{"href":"http:\/\/www.conserto.de\/_CO\/wp\/index.php?rest_route=\/wp\/v2\/pages\/46"}],"collection":[{"href":"http:\/\/www.conserto.de\/_CO\/wp\/index.php?rest_route=\/wp\/v2\/pages"}],"about":[{"href":"http:\/\/www.conserto.de\/_CO\/wp\/index.php?rest_route=\/wp\/v2\/types\/page"}],"author":[{"embeddable":true,"href":"http:\/\/www.conserto.de\/_CO\/wp\/index.php?rest_route=\/wp\/v2\/users\/1"}],"replies":[{"embeddable":true,"href":"http:\/\/www.conserto.de\/_CO\/wp\/index.php?rest_route=%2Fwp%2Fv2%2Fcomments&post=46"}],"version-history":[{"count":17,"href":"http:\/\/www.conserto.de\/_CO\/wp\/index.php?rest_route=\/wp\/v2\/pages\/46\/revisions"}],"predecessor-version":[{"id":376,"href":"http:\/\/www.conserto.de\/_CO\/wp\/index.php?rest_route=\/wp\/v2\/pages\/46\/revisions\/376"}],"wp:attachment":[{"href":"http:\/\/www.conserto.de\/_CO\/wp\/index.php?rest_route=%2Fwp%2Fv2%2Fmedia&parent=46"}],"curies":[{"name":"wp","href":"https:\/\/api.w.org\/{rel}","templated":true}]}}