{"id":37,"date":"2014-09-18T22:36:08","date_gmt":"2014-09-18T20:36:08","guid":{"rendered":"http:\/\/www.conserto.de\/_CO\/wp\/?page_id=37"},"modified":"2024-09-10T19:03:28","modified_gmt":"2024-09-10T17:03:28","slug":"nedik-bi","status":"publish","type":"page","link":"http:\/\/www.conserto.de\/_CO\/wp\/?page_id=37","title":{"rendered":"Nedik BI Germany"},"content":{"rendered":"<h1><em><strong>Nedik BI\u00a0= Next Generation BI<\/strong><\/em><\/h1>\n<p>NEDIK BI ist eine innovative Self-Service-IT-L\u00f6sung zur Managementunterst\u00fctzung, eine Software also, die die Themen Planung, Analyse, Entscheidungsfindung und Steuerung integriert und ganzheitlich unterst\u00fctzt.<\/p>\n<p>Besonderheit im Vergleich zu anderen BI-Software-Produkten ist die hohe Anwendern\u00e4he und die vordefinierte Struktur und Logik. Beides zusammen erm\u00f6glicht es, in kurzer Zeit die unterschiedlichsten konkreten Fragestellungen klar und sachlogisch richtig abzubilden. Damit wird BI (Business Intelligence) von einem Vorrecht gr\u00f6\u00dferer Unternehmen mit ausreichender Finanzkraft f\u00fcr aufw\u00e4ndige BI-Projekte zu einem Tool, dass jeder und jede mit Entscheidungsverantwortung oder analytischen Aufgaben nutzen kann.<\/p>\n<p>NEDIK BI Germany als Sparte der CONSERTO ist Entwicklungs- und Vertriebspartner der CONTROLLIGENT Kft, dem Rechteinhaber der Software.<\/p>\n<p>Vielleicht kennen sie ja schon den Vorg\u00e4nger von NEDIK: Die bereits seit vielen Jahren im Einsatz befindliche Business Control Workbench BCW.<\/p>\n<h3>Wichtige Eigenschaften von NEDIK BI<\/h3>\n<ul>\n<li>Einfacher Datenimport aus den verschiedensten Datenquellen<\/li>\n<li>Organisation der Daten in flexiblen, mehrdimensionalen Modellen<\/li>\n<li>Es wird eine &#8222;Einzige Version der Wahrheit&#8220; erzeugt<\/li>\n<li>Lese- und Schreibm\u00f6glichkeit f\u00fcr Berichte, Analysen und Dateneingabe &#8211; ideal f\u00fcr Planung, Budgetierung, Forecasting und Was-W\u00e4re-Wenn-Analysen<\/li>\n<li>Adhoc-Echtzeit-Konsolidierung aller Daten und komplexe Business-Kalkulationen<\/li>\n<li>Enge Integration mit Excel und dessen vertrauter Benutzeroberfl\u00e4che und Funktionalit\u00e4t<\/li>\n<li>Verf\u00fcgbarkeit via Web im Fall weit verbreiteter Anwendungen<\/li>\n<li>Kurze Antwortzeiten selbst bei gro\u00dfen Datenmengen<\/li>\n<li>Rapid Prototyping und schnelle Einf\u00fchrung<\/li>\n<li>Minimale IT-Abh\u00e4ngigkeit &#8211; ein System von Anwendern f\u00fcr Anwender<\/li>\n<li>Low Total Cost of Ownership &#8211; niedrige Gesamtbetriebskosten<\/li>\n<li>Flexible Analysen ohne vorherige Kenntnis der Fragestellung<\/li>\n<li>Einfache Navigation durch komplexe Datenbest\u00e4nde<\/li>\n<li>Unz\u00e4hlige Kombinationsm\u00f6glichkeiten in Planung und Analyse<\/li>\n<li>Einfache Modellierung<\/li>\n<li>Differenziertes Berechtigungssystem bis auf Feldebene<\/li>\n<li>Skalierbarkeit vom Einzelplatzsystem bis zu Hunderten von Anwendern<\/li>\n<\/ul>\n<h3>Technologie (f\u00fcr die Experten):<\/h3>\n<p>Kern von NEDIK ist \u2013 neben seinem generischen Business-Content \u2013 der Einsatz von MOLAP-Engines als technologische Plattform.<\/p>\n<h3><\/h3>\n","protected":false},"excerpt":{"rendered":"<p>Nedik BI\u00a0= Next Generation BI NEDIK BI ist eine innovative Self-Service-IT-L\u00f6sung zur Managementunterst\u00fctzung, eine Software also, die die Themen Planung, Analyse, Entscheidungsfindung und Steuerung integriert und ganzheitlich unterst\u00fctzt. Besonderheit im Vergleich zu anderen BI-Software-Produkten ist die hohe Anwendern\u00e4he und die vordefinierte Struktur und Logik. Beides zusammen erm\u00f6glicht es, in kurzer Zeit die unterschiedlichsten konkreten Fragestellungen [&hellip;]<\/p>\n","protected":false},"author":1,"featured_media":0,"parent":0,"menu_order":0,"comment_status":"closed","ping_status":"closed","template":"","meta":[],"_links":{"self":[{"href":"http:\/\/www.conserto.de\/_CO\/wp\/index.php?rest_route=\/wp\/v2\/pages\/37"}],"collection":[{"href":"http:\/\/www.conserto.de\/_CO\/wp\/index.php?rest_route=\/wp\/v2\/pages"}],"about":[{"href":"http:\/\/www.conserto.de\/_CO\/wp\/index.php?rest_route=\/wp\/v2\/types\/page"}],"author":[{"embeddable":true,"href":"http:\/\/www.conserto.de\/_CO\/wp\/index.php?rest_route=\/wp\/v2\/users\/1"}],"replies":[{"embeddable":true,"href":"http:\/\/www.conserto.de\/_CO\/wp\/index.php?rest_route=%2Fwp%2Fv2%2Fcomments&post=37"}],"version-history":[{"count":14,"href":"http:\/\/www.conserto.de\/_CO\/wp\/index.php?rest_route=\/wp\/v2\/pages\/37\/revisions"}],"predecessor-version":[{"id":340,"href":"http:\/\/www.conserto.de\/_CO\/wp\/index.php?rest_route=\/wp\/v2\/pages\/37\/revisions\/340"}],"wp:attachment":[{"href":"http:\/\/www.conserto.de\/_CO\/wp\/index.php?rest_route=%2Fwp%2Fv2%2Fmedia&parent=37"}],"curies":[{"name":"wp","href":"https:\/\/api.w.org\/{rel}","templated":true}]}}