{"id":188,"date":"2014-09-21T13:07:22","date_gmt":"2014-09-21T11:07:22","guid":{"rendered":"http:\/\/www.conserto.de\/_CO\/wp\/?page_id=188"},"modified":"2021-08-10T07:09:15","modified_gmt":"2021-08-10T05:09:15","slug":"unser-leistungsangebot-ihr-nutzen","status":"publish","type":"page","link":"http:\/\/www.conserto.de\/_CO\/wp\/?page_id=188","title":{"rendered":"Unsere Leistungen &#8211; Ihr Nutzen"},"content":{"rendered":"<h3>Unsere Leistungen<\/h3>\n<p>Unser Leistungsangebot \u2013 genauso wie das unserer Implementierungspartner &#8211; hat zum Ziel, Ihnen eine vollst\u00e4ndige Palette von Unterst\u00fctzungsleistungen anzubieten (&#8222;end-to-end&#8220;-Service). Die Leistungen erstrecken sich dabei auf folgende Bereiche:<\/p>\n<ul>\n<li><strong>Consulting:<\/strong> Analyse- und Beratungsleistungen vom betriebswirtschaftlichen Modell\u00a0bis hin zum IT-Konzept der entsprechenden L\u00f6sung<\/li>\n<li><strong>Implementierung:<\/strong> Systematische Einf\u00fchrung und Adaption der\u00a0L\u00f6sung<\/li>\n<li><strong>Entwicklung:<\/strong> Individualentwicklung auf Basis des von uns eingesetzten Tool- und Werkzeug-Sets, um auch sehr spezielle fachliche Fragestellungen einer L\u00f6sung zuzuf\u00fchren.<\/li>\n<li><strong>Schulung: <\/strong>Der systematische Kompetenzaufbau Ihrer Mitarbeiter ist Kernerfolgsfaktor jeder Steuerungs-IT.<\/li>\n<li><strong>Support: <\/strong>Neben dem selbstverst\u00e4ndlich angebotenen technischen Support f\u00fcr die entwickelten L\u00f6sungen stehen wir Ihnen auch gerne bei der fachlichen Weiterentwicklung und im\u00a0gerne auch beim Betrieb des Systems und der Arbeit mit ihm im laufenden Tagesgesch\u00e4ft zur Verf\u00fcgung (&#8222;Remote-Controller&#8220;)<\/li>\n<\/ul>\n<h3><strong>Ihr Nutzen<\/strong><\/h3>\n<ul>\n<li>Interaktive Realtime-Entscheidungen durch sofortige Online-Neukalkulation aller Daten<\/li>\n<li>Deutlich reduzierte Unsicherheit bei Entscheidungen<\/li>\n<li>Keine Excel-Tabellen-Ungeheuer<\/li>\n<li>Schnelle Reaktion auf Ver\u00e4nderungen<\/li>\n<li>ROI&gt;100% p.a. bei vielen Projekten<\/li>\n<li>Unabh\u00e4ngigkeit durch Beherrschbarkeit der Tools im Anwenderunternehmen<\/li>\n<li>Nutzung der Kreativit\u00e4t von Mitarbeitern und Management<\/li>\n<li>Verbesserte Entscheidungen durch Simulationen und Alternativszenarien<\/li>\n<li>Multiuserbetrieb inkl. umfassender Berechtigungssteuerungen<\/li>\n<li>Nur eine Version der Wahrheit im Unternehmen<\/li>\n<li>Pr\u00e4ventivma\u00dfnahmen statt Schadensbegrenzung durch Forecasting-Ansatz<\/li>\n<li>Schnelle Modellentwicklung und geringster Einarbeitungsaufwand<\/li>\n<li>Geringer Kosten- und Zeitbedarf bei Erweiterungen und \u00c4nderungen, einfache Modellpflege<\/li>\n<li>Gute Beherrschbarkeit auch komplexer Anwendungen<\/li>\n<li>Erh\u00f6hte Transparenz und Verst\u00e4ndlichkeit der Informationen<\/li>\n<li>Verbesserte Nutzbarkeit und Auswertungsm\u00f6glichkeiten f\u00fcr die Nutzer<\/li>\n<li>Konsistente Unternehmensinformationen<\/li>\n<li>L\u00f6sung auch sehr individueller Fragestellungen<\/li>\n<li>Zugriff auf das jeweils aktuellste Know-hows im Themenbereich IT-Unterst\u00fctzung von Management und Controlling<\/li>\n<li>Aufbau \/ Optimierung einer IT-Unterst\u00fctzung,\u00a0 die exakt auf Ihre Managementfragen zugeschnitten ist und mit den Anforderungen mitw\u00e4chst<\/li>\n<li>Ganzheitliche L\u00f6sungen: Qualifizierung, konzeptionelle Gestaltung der IT-Systeme, Entwicklung der IT-Werkzeuge und Unterst\u00fctzung im laufenden Betrieb &#8211; alles aus einer Hand<\/li>\n<li>Ideale Erg\u00e4nzung der eigenen IT-, Controlling- und Managementressourcen durch die bedarfsorientierte Hinzuziehung von kompetenten externen Fachleuten<\/li>\n<\/ul>\n<table>\n<tbody>\n<tr>\n<td width=\"312\"><\/td>\n<td width=\"312\"><\/td>\n<\/tr>\n<\/tbody>\n<\/table>\n<h3><\/h3>\n<p>&nbsp;<\/p>\n<p><strong>\u00a9 2008-2014 by CONSERTO GmbH und NEDIK BI Kft.<\/strong><\/p>\n","protected":false},"excerpt":{"rendered":"<p>Unsere Leistungen Unser Leistungsangebot \u2013 genauso wie das unserer Implementierungspartner &#8211; hat zum Ziel, Ihnen eine vollst\u00e4ndige Palette von Unterst\u00fctzungsleistungen anzubieten (&#8222;end-to-end&#8220;-Service). Die Leistungen erstrecken sich dabei auf folgende Bereiche: Consulting: Analyse- und Beratungsleistungen vom betriebswirtschaftlichen Modell\u00a0bis hin zum IT-Konzept der entsprechenden L\u00f6sung Implementierung: Systematische Einf\u00fchrung und Adaption der\u00a0L\u00f6sung Entwicklung: Individualentwicklung auf Basis des von [&hellip;]<\/p>\n","protected":false},"author":1,"featured_media":0,"parent":0,"menu_order":0,"comment_status":"closed","ping_status":"closed","template":"","meta":[],"_links":{"self":[{"href":"http:\/\/www.conserto.de\/_CO\/wp\/index.php?rest_route=\/wp\/v2\/pages\/188"}],"collection":[{"href":"http:\/\/www.conserto.de\/_CO\/wp\/index.php?rest_route=\/wp\/v2\/pages"}],"about":[{"href":"http:\/\/www.conserto.de\/_CO\/wp\/index.php?rest_route=\/wp\/v2\/types\/page"}],"author":[{"embeddable":true,"href":"http:\/\/www.conserto.de\/_CO\/wp\/index.php?rest_route=\/wp\/v2\/users\/1"}],"replies":[{"embeddable":true,"href":"http:\/\/www.conserto.de\/_CO\/wp\/index.php?rest_route=%2Fwp%2Fv2%2Fcomments&post=188"}],"version-history":[{"count":3,"href":"http:\/\/www.conserto.de\/_CO\/wp\/index.php?rest_route=\/wp\/v2\/pages\/188\/revisions"}],"predecessor-version":[{"id":298,"href":"http:\/\/www.conserto.de\/_CO\/wp\/index.php?rest_route=\/wp\/v2\/pages\/188\/revisions\/298"}],"wp:attachment":[{"href":"http:\/\/www.conserto.de\/_CO\/wp\/index.php?rest_route=%2Fwp%2Fv2%2Fmedia&parent=188"}],"curies":[{"name":"wp","href":"https:\/\/api.w.org\/{rel}","templated":true}]}}