{"id":185,"date":"2014-09-21T13:02:32","date_gmt":"2014-09-21T11:02:32","guid":{"rendered":"http:\/\/www.conserto.de\/_CO\/wp\/?page_id=185"},"modified":"2021-08-10T07:02:09","modified_gmt":"2021-08-10T05:02:09","slug":"technische-komponenten","status":"publish","type":"page","link":"http:\/\/www.conserto.de\/_CO\/wp\/?page_id=185","title":{"rendered":"Technische Komponenten"},"content":{"rendered":"<p>Hier stellen wir Ihnen die technischen Kernkomponenten von NEDIK vor.<\/p>\n<p>Die\u00a0Auswahl der\u00a0Komponenten fu\u00dft dabei auf unseren langj\u00e4hrigen Erfahrungen im Thema IT-Unterst\u00fctzung der Unternehmenssteuerung. Das gew\u00e4hlte Set bietet die Gew\u00e4hr, dass\u00a0eine vollst\u00e4ndige und hochperformante, zugleich aber kosteneffiziente und beherrschbare Tool-Landschaft zum Einsatz kommt, die allen Anwenderforderungen bestm\u00f6glich gerecht wird.<\/p>\n<ul>\n<li><strong>IBM Cognos TM1<\/strong> &#8211; MOLAP-Engine inklusive Datenimport-und DatenHandling-Tools<\/li>\n<li><strong>JEDOX<\/strong> &#8211; MOLAP-Suite mit Excel-To-Web-Oberfl\u00e4che\u00a0und Import-Tool (Open-Source- und kommerzielle Varianten)<\/li>\n<li><strong>NEDIK Business Control Workbench<\/strong> &#8211; Unsere vorstrukturierten BusinessTemplates f\u00fcr die wesentlichen Steuerungsthemen<\/li>\n<li><strong>NEDIK Toolset<\/strong> &#8211;\u00a0Von uns entwickelte\u00a0Werkzeugen und Anwendungen f\u00fcr den Aufbau und\u00a0die Pflege des fachlichen Modells<\/li>\n<li><strong>elKomKons<\/strong> &#8211; TM1- oder JEDOX-basierte Anwendung f\u00fcr die (legale) Konzernkonsolidierung<\/li>\n<li><strong>Microsoft SQL-Server<\/strong> &#8211; f\u00fcr Data-Warehousing und Data-Mining in den F\u00e4llen, in denen beim Kunden hierf\u00fcr keine eigenen Werkzeuge vorhanden sind.<\/li>\n<li><strong>Microsoft SSIS<\/strong> &#8211; zur Prozesssteuerung und Zusammenfassung technisch heterogener (Teil)Anwendungen, z.B. im Rahmen des Datenimports<\/li>\n<\/ul>\n<h3><\/h3>\n","protected":false},"excerpt":{"rendered":"<p>Hier stellen wir Ihnen die technischen Kernkomponenten von NEDIK vor. Die\u00a0Auswahl der\u00a0Komponenten fu\u00dft dabei auf unseren langj\u00e4hrigen Erfahrungen im Thema IT-Unterst\u00fctzung der Unternehmenssteuerung. Das gew\u00e4hlte Set bietet die Gew\u00e4hr, dass\u00a0eine vollst\u00e4ndige und hochperformante, zugleich aber kosteneffiziente und beherrschbare Tool-Landschaft zum Einsatz kommt, die allen Anwenderforderungen bestm\u00f6glich gerecht wird. IBM Cognos TM1 &#8211; MOLAP-Engine inklusive Datenimport-und [&hellip;]<\/p>\n","protected":false},"author":1,"featured_media":0,"parent":0,"menu_order":0,"comment_status":"closed","ping_status":"closed","template":"","meta":[],"_links":{"self":[{"href":"http:\/\/www.conserto.de\/_CO\/wp\/index.php?rest_route=\/wp\/v2\/pages\/185"}],"collection":[{"href":"http:\/\/www.conserto.de\/_CO\/wp\/index.php?rest_route=\/wp\/v2\/pages"}],"about":[{"href":"http:\/\/www.conserto.de\/_CO\/wp\/index.php?rest_route=\/wp\/v2\/types\/page"}],"author":[{"embeddable":true,"href":"http:\/\/www.conserto.de\/_CO\/wp\/index.php?rest_route=\/wp\/v2\/users\/1"}],"replies":[{"embeddable":true,"href":"http:\/\/www.conserto.de\/_CO\/wp\/index.php?rest_route=%2Fwp%2Fv2%2Fcomments&post=185"}],"version-history":[{"count":4,"href":"http:\/\/www.conserto.de\/_CO\/wp\/index.php?rest_route=\/wp\/v2\/pages\/185\/revisions"}],"predecessor-version":[{"id":265,"href":"http:\/\/www.conserto.de\/_CO\/wp\/index.php?rest_route=\/wp\/v2\/pages\/185\/revisions\/265"}],"wp:attachment":[{"href":"http:\/\/www.conserto.de\/_CO\/wp\/index.php?rest_route=%2Fwp%2Fv2%2Fmedia&parent=185"}],"curies":[{"name":"wp","href":"https:\/\/api.w.org\/{rel}","templated":true}]}}