{"id":182,"date":"2014-09-21T12:57:31","date_gmt":"2014-09-21T10:57:31","guid":{"rendered":"http:\/\/www.conserto.de\/_CO\/wp\/?page_id=182"},"modified":"2021-08-10T07:05:35","modified_gmt":"2021-08-10T05:05:35","slug":"was-ist-eigentlich-olap","status":"publish","type":"page","link":"http:\/\/www.conserto.de\/_CO\/wp\/?page_id=182","title":{"rendered":"Was ist eigentlich OLAP"},"content":{"rendered":"<h3>Der\u00a0Begriff OLAP steht f\u00fcr &#8222;<span style=\"text-decoration: underline;\">O<\/span>n<span style=\"text-decoration: underline;\">l<\/span>ine-<span style=\"text-decoration: underline;\">A<\/span>nalytical-<span style=\"text-decoration: underline;\">P<\/span>rocessing&#8220;<\/h3>\n<ul>\n<li>Spezifische Techniken nicht f\u00fcr die (Transaktions-)Datenverarbeitung (man spricht hier von OL<span style=\"text-decoration: underline;\">T<\/span>P. Ihre operativen IT-Systeme wie z.B. SAP oder ihre FiBu sind derartige Systeme &#8230;), \u00a0sondern f\u00fcr Datenanalyse und Datenaufbereitung f\u00fcr Planungs- und Steuerungszwecke<\/li>\n<li>Vieldimensionale analytische Sichtweisen m\u00f6glich, z.B. nach Zeit, Kunden, Produkten, Mitarbeitern, Regionen usw.<\/li>\n<li>Intuitive Datenanalyse: Drill Down, Austausch von Zeilen- u. Spaltendimensionen<\/li>\n<li>Unbegrenzte Dimensionen und Verdichtungsstufen<\/li>\n<li>Uneingeschr\u00e4nkte Operationen \u00fcber mehrere Dimensionen<\/li>\n<li>Client-Server Architektur<\/li>\n<li>Multi-User-F\u00e4higkeit<\/li>\n<li>Flexible Berichterstellung<\/li>\n<li>Kurze Antwortzeiten f\u00fcr Abfragen (je nach Komplexit\u00e4t typisch 3 bis 30 sek)<\/li>\n<\/ul>\n<h3>Kern der OLAP-\u201eDenke\u201c: Der Datenw\u00fcrfel<\/h3>\n<p>(tbd)<\/p>\n<h3>OLAP versus Excel: Schluss mit Arbeitsblattverkn\u00fcpfungen<\/h3>\n<p>(tbd)<\/p>\n<h3>Grunds\u00e4tzlicher Aufbau eines OLAP-Systems<\/h3>\n<p>(tbd)<\/p>\n<h3><\/h3>\n","protected":false},"excerpt":{"rendered":"<p>Der\u00a0Begriff OLAP steht f\u00fcr &#8222;Online-Analytical-Processing&#8220; Spezifische Techniken nicht f\u00fcr die (Transaktions-)Datenverarbeitung (man spricht hier von OLTP. Ihre operativen IT-Systeme wie z.B. SAP oder ihre FiBu sind derartige Systeme &#8230;), \u00a0sondern f\u00fcr Datenanalyse und Datenaufbereitung f\u00fcr Planungs- und Steuerungszwecke Vieldimensionale analytische Sichtweisen m\u00f6glich, z.B. nach Zeit, Kunden, Produkten, Mitarbeitern, Regionen usw. Intuitive Datenanalyse: Drill Down, Austausch [&hellip;]<\/p>\n","protected":false},"author":1,"featured_media":0,"parent":0,"menu_order":0,"comment_status":"closed","ping_status":"closed","template":"","meta":[],"_links":{"self":[{"href":"http:\/\/www.conserto.de\/_CO\/wp\/index.php?rest_route=\/wp\/v2\/pages\/182"}],"collection":[{"href":"http:\/\/www.conserto.de\/_CO\/wp\/index.php?rest_route=\/wp\/v2\/pages"}],"about":[{"href":"http:\/\/www.conserto.de\/_CO\/wp\/index.php?rest_route=\/wp\/v2\/types\/page"}],"author":[{"embeddable":true,"href":"http:\/\/www.conserto.de\/_CO\/wp\/index.php?rest_route=\/wp\/v2\/users\/1"}],"replies":[{"embeddable":true,"href":"http:\/\/www.conserto.de\/_CO\/wp\/index.php?rest_route=%2Fwp%2Fv2%2Fcomments&post=182"}],"version-history":[{"count":2,"href":"http:\/\/www.conserto.de\/_CO\/wp\/index.php?rest_route=\/wp\/v2\/pages\/182\/revisions"}],"predecessor-version":[{"id":184,"href":"http:\/\/www.conserto.de\/_CO\/wp\/index.php?rest_route=\/wp\/v2\/pages\/182\/revisions\/184"}],"wp:attachment":[{"href":"http:\/\/www.conserto.de\/_CO\/wp\/index.php?rest_route=%2Fwp%2Fv2%2Fmedia&parent=182"}],"curies":[{"name":"wp","href":"https:\/\/api.w.org\/{rel}","templated":true}]}}