{"id":180,"date":"2014-09-21T12:53:41","date_gmt":"2014-09-21T10:53:41","guid":{"rendered":"http:\/\/www.conserto.de\/_CO\/wp\/?page_id=180"},"modified":"2021-08-10T07:07:40","modified_gmt":"2021-08-10T05:07:40","slug":"ein-konkretes-projektbeispiel","status":"publish","type":"page","link":"http:\/\/www.conserto.de\/_CO\/wp\/?page_id=180","title":{"rendered":"Konkretes Projektbeispiel"},"content":{"rendered":"<p>Eine gro\u00dfe Handwerkskammer wollte ein wirklich interaktives und hoch partizipatives Steuerungssystem einf\u00fchren, um so die zahlreichen laufenden Reform- und Ver\u00e4nderungsaktivit\u00e4ten informations- und managementseitig besser zu unterst\u00fctzen als dieses vorher der Fall war: Die Planung war Excel-basiert und das Berichtswesen ein reines pdf-\/Papierverfahren auf der Datenbasis des Rechnungswesens. Der Kunde entschied sich nach einem intensiven Auswahlprozess gegen einen der gro\u00dfen Namen wie SAP BusinessObjects, IBM Cognos und f\u00fcr BCW, den Vorg\u00e4nger von NEDIK.<\/p>\n<p>Erster Einf\u00fchrungsschritt war dann zun\u00e4chst die \u00dcberf\u00fchrung des Berichtswesens in BCW. Alle Informationen standen den \u00fcber 100 Berichtsempf\u00e4ngern und Planungsverantwortlichen nun online zur Verf\u00fcgung. Das Berichtswesen wurde zudem um vielf\u00e4ltige Leistungsinformationen, Statistiken und Informationen aus dem Personalbereich erg\u00e4nzt. Alle erforderlichen Import-Prozesse wurden realisiert. Die Anwendung ist wahlweise via gewohnter Excel-Oberfl\u00e4che oder Web erreichbar.<\/p>\n<p>In einer n\u00e4chsten Phase wurde das Planungssystem inhaltlich \u00fcberarbeitet und in BCW realisiert. Konzeptionelle Weiterentwicklungen und Zusatzinformationen konnten umgesetzt werden, so die Erweiterung der Jahresplanung zu einer integrierten Jahres- und Mehrjahresplanung.<\/p>\n<p>In einer dritten Phase wurde ein effektives Forecasting und eine kontinuierliche Planaktualisierung inkl. Genehmigungsverfahren konzipiert und im System abgebildet. Zudem wurden Umlagen und interner Leistungsaustausch st\u00e4rker differenziert und erstmals IT-gest\u00fctzt integriert.<\/p>\n<p>Die Kammer hat sich damit insgesamt \u2013 \u00fcber einen Zeitraum von insgesamt 1,5 Jahren f\u00fcr alle drei Phasen inkl. zwischenzeitlicher Stabilisierungsphasen &#8211; ein umfassendes Informationssystem geschaffen, dass alle wesentlichen Aspekte der Planung und Steuerung in einem einheitlichen System abdeckt.<\/p>\n<p>Auf Grund des Einsatzes von BCW und dessen technischer Plattform, der Open-Source-BI-Suite PALO in Verbindung mit MS SQL und MS SSIS f\u00fcr die Import-DataMarts, war die Einf\u00fchrung zudem &#8211; bezogen auf inhaltliche Komplexit\u00e4t und User-Zahl &#8211; ausgesprochen kosteng\u00fcnstig. Derartige Systeme k\u00f6nnen sich sonst nur Gro\u00dfunternehmen mit den entsprechenden Budgets leisten.<\/p>\n<h3><\/h3>\n","protected":false},"excerpt":{"rendered":"<p>Eine gro\u00dfe Handwerkskammer wollte ein wirklich interaktives und hoch partizipatives Steuerungssystem einf\u00fchren, um so die zahlreichen laufenden Reform- und Ver\u00e4nderungsaktivit\u00e4ten informations- und managementseitig besser zu unterst\u00fctzen als dieses vorher der Fall war: Die Planung war Excel-basiert und das Berichtswesen ein reines pdf-\/Papierverfahren auf der Datenbasis des Rechnungswesens. Der Kunde entschied sich nach einem intensiven Auswahlprozess [&hellip;]<\/p>\n","protected":false},"author":1,"featured_media":0,"parent":0,"menu_order":0,"comment_status":"closed","ping_status":"closed","template":"","meta":[],"_links":{"self":[{"href":"http:\/\/www.conserto.de\/_CO\/wp\/index.php?rest_route=\/wp\/v2\/pages\/180"}],"collection":[{"href":"http:\/\/www.conserto.de\/_CO\/wp\/index.php?rest_route=\/wp\/v2\/pages"}],"about":[{"href":"http:\/\/www.conserto.de\/_CO\/wp\/index.php?rest_route=\/wp\/v2\/types\/page"}],"author":[{"embeddable":true,"href":"http:\/\/www.conserto.de\/_CO\/wp\/index.php?rest_route=\/wp\/v2\/users\/1"}],"replies":[{"embeddable":true,"href":"http:\/\/www.conserto.de\/_CO\/wp\/index.php?rest_route=%2Fwp%2Fv2%2Fcomments&post=180"}],"version-history":[{"count":2,"href":"http:\/\/www.conserto.de\/_CO\/wp\/index.php?rest_route=\/wp\/v2\/pages\/180\/revisions"}],"predecessor-version":[{"id":201,"href":"http:\/\/www.conserto.de\/_CO\/wp\/index.php?rest_route=\/wp\/v2\/pages\/180\/revisions\/201"}],"wp:attachment":[{"href":"http:\/\/www.conserto.de\/_CO\/wp\/index.php?rest_route=%2Fwp%2Fv2%2Fmedia&parent=180"}],"curies":[{"name":"wp","href":"https:\/\/api.w.org\/{rel}","templated":true}]}}