{"id":177,"date":"2014-09-21T12:52:29","date_gmt":"2014-09-21T10:52:29","guid":{"rendered":"http:\/\/www.conserto.de\/_CO\/wp\/?page_id=177"},"modified":"2021-08-10T07:01:45","modified_gmt":"2021-08-10T05:01:45","slug":"einsatzbeispiele","status":"publish","type":"page","link":"http:\/\/www.conserto.de\/_CO\/wp\/?page_id=177","title":{"rendered":"Einsatzbeispiele"},"content":{"rendered":"<p>Die folgenden <strong>Projektthemen<\/strong> sind beispielhaft. Wir entwerfen nat\u00fcrlich im Einzelfall einen L\u00f6sungsvorschlag, der auf Ihre konkreten Anforderungen abgestimmt ist.<\/p>\n<ul>\n<li>Aufbau oder Optimierung von Planung, Budgetierung, Reporting und Forecasting inklusive IT-L\u00f6sung<\/li>\n<li>Gestaltung einer vollintegrierten Leistungs- und Ergebnisrechnung mit IT-Umsetzung<\/li>\n<li>Aufbau eines Business Intelligence-Systems auf Basis relationaler und multidimensionaler Datenbanken<\/li>\n<li>Entwicklung eines Kennzahlensystems f\u00fcr Selbststeuerung und Qualit\u00e4tsmanagement mit Realisierung der IT<\/li>\n<li>Konzeption eines Vertriebs- und Kundeninformationssystems inklusive IT-Umsetzung<\/li>\n<li>Implementierung einer integrierten Finanz-, Bilanz-, Cash-Flow- und Liquidit\u00e4tssteuerung<\/li>\n<li>Entwicklung eines Fachinformationssystems, z.B. f\u00fcr den HR-\/Personalbereich<\/li>\n<li>Aufbau einer zeitnahen Prozesssteuerung, z.B. in Logistik oder Produktion<\/li>\n<li>Einf\u00fchrung eines Zielkostenmanagements (Target Costing)<\/li>\n<li>Unterst\u00fctzung bei der Jahresplanung oder der Bewertung von Investitionen oder Projekten<\/li>\n<li>Schulungen zu KLR, Planung, Steuerung und Controlling<\/li>\n<li>Fachliches Coaching f\u00fcr Manager und Controller<\/li>\n<li>Konzeption oder Optimierung von Produktorientierung und Neuer Steuerung (NSM, NPM)<\/li>\n<li>Aufbau eines integrierten strategisch-\/operativen Planungs-, Budgetierungs- und Steuerungssystems inkl. IT-L\u00f6sung<\/li>\n<li>Entwicklung einer outputorientierten Ergebnis- und Leistungsrechnung mit IT-L\u00f6sung<\/li>\n<li>Konzeption eines Produkt- und Kundeninformationssystems mit IT-Realisierung<\/li>\n<li>Organisationsuntersuchung mit anschlie\u00dfender Prozess- und Strukturoptimierung<\/li>\n<li>Erarbeitung von Businesspl\u00e4nen und Szenarien bei Out- und Insourcing, PPP-Vorhaben oder Reorganisationen<\/li>\n<\/ul>\n<h3>Zus\u00e4tzlich f\u00fcr den Non-Profit-Bereich und \u00f6ffentlichen Verwaltungen<\/h3>\n<p>(tbd)<\/p>\n<h3><\/h3>\n","protected":false},"excerpt":{"rendered":"<p>Die folgenden Projektthemen sind beispielhaft. Wir entwerfen nat\u00fcrlich im Einzelfall einen L\u00f6sungsvorschlag, der auf Ihre konkreten Anforderungen abgestimmt ist. Aufbau oder Optimierung von Planung, Budgetierung, Reporting und Forecasting inklusive IT-L\u00f6sung Gestaltung einer vollintegrierten Leistungs- und Ergebnisrechnung mit IT-Umsetzung Aufbau eines Business Intelligence-Systems auf Basis relationaler und multidimensionaler Datenbanken Entwicklung eines Kennzahlensystems f\u00fcr Selbststeuerung und Qualit\u00e4tsmanagement [&hellip;]<\/p>\n","protected":false},"author":1,"featured_media":0,"parent":0,"menu_order":0,"comment_status":"closed","ping_status":"closed","template":"","meta":[],"_links":{"self":[{"href":"http:\/\/www.conserto.de\/_CO\/wp\/index.php?rest_route=\/wp\/v2\/pages\/177"}],"collection":[{"href":"http:\/\/www.conserto.de\/_CO\/wp\/index.php?rest_route=\/wp\/v2\/pages"}],"about":[{"href":"http:\/\/www.conserto.de\/_CO\/wp\/index.php?rest_route=\/wp\/v2\/types\/page"}],"author":[{"embeddable":true,"href":"http:\/\/www.conserto.de\/_CO\/wp\/index.php?rest_route=\/wp\/v2\/users\/1"}],"replies":[{"embeddable":true,"href":"http:\/\/www.conserto.de\/_CO\/wp\/index.php?rest_route=%2Fwp%2Fv2%2Fcomments&post=177"}],"version-history":[{"count":2,"href":"http:\/\/www.conserto.de\/_CO\/wp\/index.php?rest_route=\/wp\/v2\/pages\/177\/revisions"}],"predecessor-version":[{"id":179,"href":"http:\/\/www.conserto.de\/_CO\/wp\/index.php?rest_route=\/wp\/v2\/pages\/177\/revisions\/179"}],"wp:attachment":[{"href":"http:\/\/www.conserto.de\/_CO\/wp\/index.php?rest_route=%2Fwp%2Fv2%2Fmedia&parent=177"}],"curies":[{"name":"wp","href":"https:\/\/api.w.org\/{rel}","templated":true}]}}