{"id":174,"date":"2014-09-21T12:50:23","date_gmt":"2014-09-21T10:50:23","guid":{"rendered":"http:\/\/www.conserto.de\/_CO\/wp\/?page_id=174"},"modified":"2021-08-10T07:08:16","modified_gmt":"2021-08-10T05:08:16","slug":"implementierungswege","status":"publish","type":"page","link":"http:\/\/www.conserto.de\/_CO\/wp\/?page_id=174","title":{"rendered":"Implementierungswege"},"content":{"rendered":"<p>Bisher sind zwei Wege typisch f\u00fcr die Entwicklung von Management-Informationssystemen: Entweder\u00a0der \u201efliegende Start\u201c als auch der Aufbau eines individuellen Systems, das genau die und nur die Informationen liefert, die im Moment(!) erforderlich erscheinen. Beides f\u00fchrt bald zu Problemen.<\/p>\n<p>Besser ist der Start auf Basis eines fachlich\/inhaltlich vordefinierten Systems, von dem zu Anfang nur die zun\u00e4chst ben\u00f6tigten Anteile genutzt werden, um diese \u201eInformationsinseln\u201c bei wachsenden oder ver\u00e4nderten Anforderungen unproblematisch auf diese erweitern zu k\u00f6nnen.<\/p>\n<p>Prinzipiell sind nat\u00fcrlich verschiedene Herangehensweise bei der Einf\u00fchrung eines BI-Systems m\u00f6glich. Nach unseren Erfahrungen ist dabei aber die Standard-basierte Implementierung mit Know-how-Transfer der sinnvollste Weg zu einem leistungsf\u00e4higen und beherrschbaren BI-System.<\/p>\n<p><strong>Beispielhafter Projektablauf (umfassender Ansatz)<\/strong><\/p>\n<p><a href=\"http:\/\/www.conserto.de\/_CO\/wp\/wp-content\/uploads\/2014\/09\/Projektablauf-NEDIK1.jpg\"><img decoding=\"async\" loading=\"lazy\" class=\"alignnone  wp-image-240\" src=\"http:\/\/www.conserto.de\/_CO\/wp\/wp-content\/uploads\/2014\/09\/Projektablauf-NEDIK1.jpg\" alt=\"Projektablauf NEDIK\" width=\"589\" height=\"194\" srcset=\"http:\/\/www.conserto.de\/_CO\/wp\/wp-content\/uploads\/2014\/09\/Projektablauf-NEDIK1.jpg 1122w, http:\/\/www.conserto.de\/_CO\/wp\/wp-content\/uploads\/2014\/09\/Projektablauf-NEDIK1-300x98.jpg 300w, http:\/\/www.conserto.de\/_CO\/wp\/wp-content\/uploads\/2014\/09\/Projektablauf-NEDIK1-1024x336.jpg 1024w, http:\/\/www.conserto.de\/_CO\/wp\/wp-content\/uploads\/2014\/09\/Projektablauf-NEDIK1-624x205.jpg 624w\" sizes=\"(max-width: 589px) 100vw, 589px\" \/><\/a><\/p>\n<p><strong>Sie mit einem vordefinierten Standard-Modell arbeiten sollten<\/strong><\/p>\n<p>Eine Besonderheit von NEDIK ist das vordefinierte Unternehmensmodell auf einem generischen, skalierbaren und flexiblen Ausmodellierungsgrad.<\/p>\n<p>Die heute verf\u00fcgbaren \u2013 contentseitig meist v\u00f6llig oder doch \u00fcberwiegend leeren\u00a0&#8211; Tools verleiten leicht zu \u201eSchnellsch\u00fcssen\u201c bzw. einer &#8222;Trial-and-Error&#8220;-Vorgehensweise bei der Implementierung von BI-Systemen. Auf Sicht r\u00e4cht sich diese Vorgehensweise leider: Ohne die Einbettung bereits der ersten Fragestellungen und Datenmodellierungen in ein\u00a0ganzheitliches Unternehmensmodell entsteht bald ein \u201eBI-Salat\u201c aus isolierten und nicht kompatiblen Informationsinseln. Dieses senkt den Nutzen des BI-Systems entscheidend und f\u00fchrt zu erheblichen Problemen bei Betrieb, Datenpflege und Weiterentwicklung.<\/p>\n<p>Genau hier setzt\u00a0NEDIK an: Das vollst\u00e4ndige und voll integrierte Unternehmensmodell dient als Referenz beim Abgleich mit den vorhandenen bzw. ben\u00f6tigten Steuerungsinformationen. Die identifizierten Daten werden an den vordefinierten Stellen von\u00a0NEDIK positioniert, die notwendigen Business-Logiken aus dem NEDIK-Standard ausgew\u00e4hlt oder in Erg\u00e4nzung dieser definiert. Es entsteht ein Modell, das einerseits die aktuellen Informationsbed\u00fcrfnisse exakt abdeckt, andererseits offen bleibt f\u00fcr sp\u00e4tere Erweiterungen.\u00a0Man arbeitet auf diese Weise von Anfang an mit einem zukunftsf\u00e4higen Modell. Wozu sollten Sie das Rad ein weiteres Mal neu erfinden?<\/p>\n","protected":false},"excerpt":{"rendered":"<p>Bisher sind zwei Wege typisch f\u00fcr die Entwicklung von Management-Informationssystemen: Entweder\u00a0der \u201efliegende Start\u201c als auch der Aufbau eines individuellen Systems, das genau die und nur die Informationen liefert, die im Moment(!) erforderlich erscheinen. Beides f\u00fchrt bald zu Problemen. Besser ist der Start auf Basis eines fachlich\/inhaltlich vordefinierten Systems, von dem zu Anfang nur die zun\u00e4chst [&hellip;]<\/p>\n","protected":false},"author":1,"featured_media":0,"parent":0,"menu_order":0,"comment_status":"closed","ping_status":"closed","template":"","meta":[],"_links":{"self":[{"href":"http:\/\/www.conserto.de\/_CO\/wp\/index.php?rest_route=\/wp\/v2\/pages\/174"}],"collection":[{"href":"http:\/\/www.conserto.de\/_CO\/wp\/index.php?rest_route=\/wp\/v2\/pages"}],"about":[{"href":"http:\/\/www.conserto.de\/_CO\/wp\/index.php?rest_route=\/wp\/v2\/types\/page"}],"author":[{"embeddable":true,"href":"http:\/\/www.conserto.de\/_CO\/wp\/index.php?rest_route=\/wp\/v2\/users\/1"}],"replies":[{"embeddable":true,"href":"http:\/\/www.conserto.de\/_CO\/wp\/index.php?rest_route=%2Fwp%2Fv2%2Fcomments&post=174"}],"version-history":[{"count":3,"href":"http:\/\/www.conserto.de\/_CO\/wp\/index.php?rest_route=\/wp\/v2\/pages\/174\/revisions"}],"predecessor-version":[{"id":241,"href":"http:\/\/www.conserto.de\/_CO\/wp\/index.php?rest_route=\/wp\/v2\/pages\/174\/revisions\/241"}],"wp:attachment":[{"href":"http:\/\/www.conserto.de\/_CO\/wp\/index.php?rest_route=%2Fwp%2Fv2%2Fmedia&parent=174"}],"curies":[{"name":"wp","href":"https:\/\/api.w.org\/{rel}","templated":true}]}}