{"id":169,"date":"2014-09-21T12:46:38","date_gmt":"2014-09-21T10:46:38","guid":{"rendered":"http:\/\/www.conserto.de\/_CO\/wp\/?page_id=169"},"modified":"2021-08-10T07:00:55","modified_gmt":"2021-08-10T05:00:55","slug":"branchenloesungen","status":"publish","type":"page","link":"http:\/\/www.conserto.de\/_CO\/wp\/?page_id=169","title":{"rendered":"Branchenl\u00f6sungen"},"content":{"rendered":"<p>Branchen und Produktionsarten weisen spezifische Besonderheiten auf. Um unseren Kunden einen m\u00f6glichst einfachen und passgenauen Einstieg zu erm\u00f6glichen, umfasst die NEDIK-Familie banchenbezogene Varianten, die diese Besonderheiten ber\u00fccksichtigen und dadurch den Weg zum fertigen BI-System vereinfachen. Beispiele f\u00fcr vorhandene Branchenl\u00f6sungen sind z.B.:<\/p>\n<ul>\n<li>Trident: Bauindustrie<\/li>\n<li>ReTrain: Weiterbildung<\/li>\n<li>Debtor: Factoring<\/li>\n<li>MegaTex: Textilindustrie<\/li>\n<li>RealEstate: Immobilienwirtschaft<\/li>\n<\/ul>\n","protected":false},"excerpt":{"rendered":"<p>Branchen und Produktionsarten weisen spezifische Besonderheiten auf. Um unseren Kunden einen m\u00f6glichst einfachen und passgenauen Einstieg zu erm\u00f6glichen, umfasst die NEDIK-Familie banchenbezogene Varianten, die diese Besonderheiten ber\u00fccksichtigen und dadurch den Weg zum fertigen BI-System vereinfachen. Beispiele f\u00fcr vorhandene Branchenl\u00f6sungen sind z.B.: Trident: Bauindustrie ReTrain: Weiterbildung Debtor: Factoring MegaTex: Textilindustrie RealEstate: Immobilienwirtschaft<\/p>\n","protected":false},"author":1,"featured_media":0,"parent":0,"menu_order":0,"comment_status":"closed","ping_status":"closed","template":"","meta":[],"_links":{"self":[{"href":"http:\/\/www.conserto.de\/_CO\/wp\/index.php?rest_route=\/wp\/v2\/pages\/169"}],"collection":[{"href":"http:\/\/www.conserto.de\/_CO\/wp\/index.php?rest_route=\/wp\/v2\/pages"}],"about":[{"href":"http:\/\/www.conserto.de\/_CO\/wp\/index.php?rest_route=\/wp\/v2\/types\/page"}],"author":[{"embeddable":true,"href":"http:\/\/www.conserto.de\/_CO\/wp\/index.php?rest_route=\/wp\/v2\/users\/1"}],"replies":[{"embeddable":true,"href":"http:\/\/www.conserto.de\/_CO\/wp\/index.php?rest_route=%2Fwp%2Fv2%2Fcomments&post=169"}],"version-history":[{"count":1,"href":"http:\/\/www.conserto.de\/_CO\/wp\/index.php?rest_route=\/wp\/v2\/pages\/169\/revisions"}],"predecessor-version":[{"id":170,"href":"http:\/\/www.conserto.de\/_CO\/wp\/index.php?rest_route=\/wp\/v2\/pages\/169\/revisions\/170"}],"wp:attachment":[{"href":"http:\/\/www.conserto.de\/_CO\/wp\/index.php?rest_route=%2Fwp%2Fv2%2Fmedia&parent=169"}],"curies":[{"name":"wp","href":"https:\/\/api.w.org\/{rel}","templated":true}]}}