{"id":166,"date":"2014-09-21T12:43:23","date_gmt":"2014-09-21T10:43:23","guid":{"rendered":"http:\/\/www.conserto.de\/_CO\/wp\/?page_id=166"},"modified":"2021-08-10T07:05:12","modified_gmt":"2021-08-10T05:05:12","slug":"unsere-antworten","status":"publish","type":"page","link":"http:\/\/www.conserto.de\/_CO\/wp\/?page_id=166","title":{"rendered":"Unsere Antworten"},"content":{"rendered":"<p>Kernkompetenz\u00a0von NEDIK ist es,\u00a0alles Erforderliche bereitzustellen, um in der Unternehmenssteuerung mit genau den Informationen zu arbeiten, die von Controlling und Management zur erfolgreichen Zukunftsbew\u00e4ltigung ben\u00f6tigt werden.<\/p>\n<ul>\n<li>Ganzheitliche Unterst\u00fctzung:\u00a0vom\u00a0fachlichen Konzept bis zur fertigen IT-L\u00f6sung<\/li>\n<li>Modernste\u00a0MOLAP-Technologie:\u00a0die richtige technische Basis<\/li>\n<li>Ready-to-use Werkzeuge und Methoden:\u00a0schnelle Nutzengenerierung<\/li>\n<\/ul>\n<p>Eine exakt auf das einzelne Unternehmen zugeschnittene Ausgestaltbarkeit\u00a0des IT-Systems ist dabei der entscheidende Erfolgsfaktor.<\/p>\n<p>Im Folgenden m\u00f6chten wir Ihnen\u00a0die L\u00f6sung etwas n\u00e4her vorstellen.<\/p>\n<h2><strong>NEDIK &#8211; Die Business Control Workbench<\/strong><\/h2>\n<p>BCW ist eine MOLAP-zentrierte Softwarefamilie zur Realisierung voll integrierter BI-Systeme. Topaktuelle multidimemsionale OLAP-Technologie wird hier erg\u00e4nzt durch relationale Werkzeuge \u2013 insbesondere f\u00fcr die Datenanbindung von Vorsystemen \u2013 und weitere Softwartools \u2013 z.B. zur Prozessautomatisierung und Datenpflege.<\/p>\n<p>Besonderheit von BCW ist dabei die Verf\u00fcgbarkeit eines sog. \u201egenerischen Business-Contents\u201c: Bereits im Auslieferungszustand sind die typischen Basisobjekte und -logiken eines Steuerungssystems vorhanden \u2013 und dieses vollst\u00e4ndig miteinander integriert. Prinzipiell m\u00fcssen Sie nur Ihre Stammdaten (z.B. Produkte, Kostenstellen, Kunden usw.) an den jeweils vorgesehenen Stellen im Modell einpflegen \u2013 und fertig ist Ihr Steuerungssystem. Von der Preis- und Mengenplanung \u00fcber eine komplette interne Wertsch\u00f6pfungskette bis hin zum differenzierten Ergebnisausweis, z.B. in Form einer mehrstufigen Deckungsbeitragsrechnung.<\/p>\n<p><strong>In\u00a0NEDIK abgedeckte Steuerungsthemen<\/strong><\/p>\n<p>Der Standard-Content von BCW deckt alle wesentlichen Steuerungsthemen ab:<\/p>\n<ul>\n<li>Planung und Budgetierung &#8211; von der Strategieabbildung bis hin zur operativen Planung<\/li>\n<li>Berichtswesen \/ Reporting \u2013 sei es auf Monats- oder Jahresebene oder rollierend<\/li>\n<li>Vorschaurechnungen \/ Forecasting<\/li>\n<li>Ad-hoc-Analysen<\/li>\n<li>Simulationsrechnungen \/ Planvariationen<\/li>\n<li>Spezifische Fachinformationssysteme &#8211; z.B. f\u00fcr Personal, Logistik, Produktion, Vertrieb<\/li>\n<li>Integrierte Bilanz-, Finanz- und Cash-Flow-Rechnung<\/li>\n<li>Liquidit\u00e4tsplanung durch Ber\u00fccksichtigung typischer Zahlungsziele<\/li>\n<li>Konzernkonsolidierung<\/li>\n<li>Ergebnisrechnung<\/li>\n<\/ul>\n<p><strong>Datenintegration<\/strong><\/p>\n<p>Ohne solide Ist- und Vorsystemdaten steht ein BI-System auf t\u00f6nernen F\u00fc\u00dfen. Den Import- und Schnittstellenfunktionen wurde daher in BCW die erforderliche Aufmerksamkeit gewidmet. Integraler Bestandteil von BCW sind daher:<\/p>\n<ul>\n<li>Der Datenimport aus beliebigen operativen Vorsystemen wie ERP, CRM oder FIBU<\/li>\n<li>Die Anbindung bzw. der Aufbau von DataWarehouses und DataMarts<\/li>\n<li>Der Export von Planungs- und Berichtsdaten<\/li>\n<\/ul>\n<p><strong>Modularisierung nach Business-Themen<\/strong><\/p>\n<p>Je nach den spezifischen Anforderungen k\u00f6nnen einzelne\u00a0Anwendungsmodule zusammengestellt und f\u00fcr Ihre konkrete Situation angepasst werden. Die \u00fcbergreifend integrierte Logik bleibt dabei voll erhalten. Auf diese Weise k\u00f6nnen exakt passende, sehr performante und f\u00fcr zuk\u00fcnftige Fragestellungen ausbaubare Anwendungen aufgebaut werden &#8211; und das mit erheblich geringerem Aufwand als mit traditioneller Individualentwicklung. Die Module sind so flexibel aufgebaut, dass die Nachteile starrer Standard-Software-L\u00f6sungen vermieden werden. Individuelle Erg\u00e4nzungen f\u00fcr spezifische Fragestellungen sind dabei jederzeit m\u00f6glich.<\/p>\n<p>Verf\u00fcgbar bzw. in Vorbereitung sind zur Zeit folgende Module:<\/p>\n<table width=\"100%\">\n<tbody>\n<tr>\n<td width=\"50%\">\n<ul>\n<li>Organisation (ORG)<\/li>\n<li>Produktion (PRD)<\/li>\n<li>Dienstleistungen (SRV)<\/li>\n<li>Projekte (PRJ)<\/li>\n<li>Vertrieb (SAL)<\/li>\n<li>Profit (PFT)<\/li>\n<li>Personal (PER)<\/li>\n<li>Prozesse (PRC)<\/li>\n<li>Finanzen und Liquidit\u00e4t (FIN)<\/li>\n<li>Bilanz und Cash-Flow (BCF)<\/li>\n<li>Einkauf (PUR)<\/li>\n<li>Marketing (MKT)<\/li>\n<li>Anlagenrechnung (ASM)<\/li>\n<li>Ressourcenauslastung (RUT))<\/li>\n<li>Investitionen (INV)<\/li>\n<li>Shareholder Value (SHV)<\/li>\n<li>Beteiligungsmanagement (INT)<\/li>\n<li>Zielkostenrechnung (TCO)<\/li>\n<li>Konzernkonsoldierung (CON)<\/li>\n<li>BSC Connector (BSC)<\/li>\n<\/ul>\n<\/td>\n<td><\/td>\n<\/tr>\n<\/tbody>\n<\/table>\n<p><strong>Integrierte &#8222;Financial Intelligence&#8220;<\/strong><\/p>\n<p>Im Fokus des BCW-Unternehmensmodells stehen die Werttreiber des Erfolges. Nicht die isolierte, unverbundene Planung von monet\u00e4ren (\u201eWunsch\u201c-)Ergebnisgr\u00f6\u00dfen steht im Mittelpunkt, sondern die Daten, die erst zu diesen Ergebnissen f\u00fchren: z.B. die Preise wichtiger Ressourcen und deren Mengenbedarf in der Wertsch\u00f6pfungskette aufgrund der Produktions- und Absatzplanung. Oder die &#8211; aus der Strategie abgeleiteten &#8211; Ma\u00dfnahmen und Ver\u00e4nderungsprojekte mit ihrem Einmalaufwand und ihren Auswirkungen auf das laufende Gesch\u00e4ft und das Unternehmensergebnis.<\/p>\n<p>Auf diese Weise entsteht ein Informationssystem, dass weit \u00fcber die Aussagef\u00e4higkeit traditioneller Finanz-, Bilanz- und Ergebnisrechnungen hinaus geht und Analysen im Rahmen interaktiver Modellrechnungen auf Basis klar definierter Ursache-Wirkungs-Betrachtungen zul\u00e4sst. Die OLAP-Technologie erm\u00f6glicht dabei eine \u201eon-the-fly\u201c-Variation aller Einflussgr\u00f6\u00dfen mit sofortigem Ausweis aller Konsequenzen bis hin zum Unternehmensgewinn.<\/p>\n","protected":false},"excerpt":{"rendered":"<p>Kernkompetenz\u00a0von NEDIK ist es,\u00a0alles Erforderliche bereitzustellen, um in der Unternehmenssteuerung mit genau den Informationen zu arbeiten, die von Controlling und Management zur erfolgreichen Zukunftsbew\u00e4ltigung ben\u00f6tigt werden. Ganzheitliche Unterst\u00fctzung:\u00a0vom\u00a0fachlichen Konzept bis zur fertigen IT-L\u00f6sung Modernste\u00a0MOLAP-Technologie:\u00a0die richtige technische Basis Ready-to-use Werkzeuge und Methoden:\u00a0schnelle Nutzengenerierung Eine exakt auf das einzelne Unternehmen zugeschnittene Ausgestaltbarkeit\u00a0des IT-Systems ist dabei der entscheidende [&hellip;]<\/p>\n","protected":false},"author":1,"featured_media":0,"parent":0,"menu_order":0,"comment_status":"closed","ping_status":"closed","template":"","meta":[],"_links":{"self":[{"href":"http:\/\/www.conserto.de\/_CO\/wp\/index.php?rest_route=\/wp\/v2\/pages\/166"}],"collection":[{"href":"http:\/\/www.conserto.de\/_CO\/wp\/index.php?rest_route=\/wp\/v2\/pages"}],"about":[{"href":"http:\/\/www.conserto.de\/_CO\/wp\/index.php?rest_route=\/wp\/v2\/types\/page"}],"author":[{"embeddable":true,"href":"http:\/\/www.conserto.de\/_CO\/wp\/index.php?rest_route=\/wp\/v2\/users\/1"}],"replies":[{"embeddable":true,"href":"http:\/\/www.conserto.de\/_CO\/wp\/index.php?rest_route=%2Fwp%2Fv2%2Fcomments&post=166"}],"version-history":[{"count":1,"href":"http:\/\/www.conserto.de\/_CO\/wp\/index.php?rest_route=\/wp\/v2\/pages\/166\/revisions"}],"predecessor-version":[{"id":167,"href":"http:\/\/www.conserto.de\/_CO\/wp\/index.php?rest_route=\/wp\/v2\/pages\/166\/revisions\/167"}],"wp:attachment":[{"href":"http:\/\/www.conserto.de\/_CO\/wp\/index.php?rest_route=%2Fwp%2Fv2%2Fmedia&parent=166"}],"curies":[{"name":"wp","href":"https:\/\/api.w.org\/{rel}","templated":true}]}}