{"id":148,"date":"2014-09-21T10:56:15","date_gmt":"2014-09-21T08:56:15","guid":{"rendered":"http:\/\/www.conserto.de\/_CO\/wp\/?page_id=148"},"modified":"2025-05-19T08:29:41","modified_gmt":"2025-05-19T06:29:41","slug":"kontakt","status":"publish","type":"page","link":"http:\/\/www.conserto.de\/_CO\/wp\/?page_id=148","title":{"rendered":"Kontakt"},"content":{"rendered":"<p>Falls Sie mehr wissen m\u00f6chten oder Interesse an der Mitwirkung in einer professionellen und &#8211; Kunden wie Kollegen gegen\u00fcber &#8211; tats\u00e4chlich partnerschaftlich orientierten Organisation haben und einen ebenso hohen Anspruch an Ihre Arbeit haben wie wir, freuen wir uns, von Ihnen zu h\u00f6ren.<\/p>\n<p>Hier unsere Kontaktdaten:<\/p>\n<h2>Conserto GmbH<\/h2>\n<p><strong>Telefon:\u00a0\u00a0\u00a0\u00a0\u00a0\u00a0\u00a0\u00a0\u00a0\u00a0\u00a0\u00a0\u00a0\u00a0\u00a0\u00a0\u00a0\u00a0\u00a0\u00a0\u00a0<\/strong>+ 49 &#8211; 172 7132 503<br \/>\n<strong>E-Mail:\u00a0\u00a0\u00a0\u00a0\u00a0\u00a0\u00a0\u00a0\u00a0\u00a0\u00a0\u00a0\u00a0\u00a0\u00a0\u00a0\u00a0\u00a0\u00a0\u00a0\u00a0\u00a0\u00a0\u00a0<\/strong>conserto (at) conserto.de<br \/>\n<strong>Postalisch:\u00a0\u00a0\u00a0\u00a0\u00a0\u00a0\u00a0\u00a0\u00a0\u00a0\u00a0\u00a0\u00a0\u00a0\u00a0\u00a0<\/strong>Ulrich Rode &#8211; Conserto GmbH &#8211; Anna-Kloos-Stra\u00dfe 27 &#8211;\u00a061169 Friedberg<\/p>\n<p><em><strong><br \/>\n\u00a9<\/strong><strong> CONSERTO GmbH 2024<\/strong><\/em><\/p>\n","protected":false},"excerpt":{"rendered":"<p>Falls Sie mehr wissen m\u00f6chten oder Interesse an der Mitwirkung in einer professionellen und &#8211; Kunden wie Kollegen gegen\u00fcber &#8211; tats\u00e4chlich partnerschaftlich orientierten Organisation haben und einen ebenso hohen Anspruch an Ihre Arbeit haben wie wir, freuen wir uns, von Ihnen zu h\u00f6ren. Hier unsere Kontaktdaten: Conserto GmbH Telefon:\u00a0\u00a0\u00a0\u00a0\u00a0\u00a0\u00a0\u00a0\u00a0\u00a0\u00a0\u00a0\u00a0\u00a0\u00a0\u00a0\u00a0\u00a0\u00a0\u00a0\u00a0+ 49 &#8211; 172 7132 503 E-Mail:\u00a0\u00a0\u00a0\u00a0\u00a0\u00a0\u00a0\u00a0\u00a0\u00a0\u00a0\u00a0\u00a0\u00a0\u00a0\u00a0\u00a0\u00a0\u00a0\u00a0\u00a0\u00a0\u00a0\u00a0conserto [&hellip;]<\/p>\n","protected":false},"author":1,"featured_media":0,"parent":0,"menu_order":0,"comment_status":"closed","ping_status":"closed","template":"","meta":[],"_links":{"self":[{"href":"http:\/\/www.conserto.de\/_CO\/wp\/index.php?rest_route=\/wp\/v2\/pages\/148"}],"collection":[{"href":"http:\/\/www.conserto.de\/_CO\/wp\/index.php?rest_route=\/wp\/v2\/pages"}],"about":[{"href":"http:\/\/www.conserto.de\/_CO\/wp\/index.php?rest_route=\/wp\/v2\/types\/page"}],"author":[{"embeddable":true,"href":"http:\/\/www.conserto.de\/_CO\/wp\/index.php?rest_route=\/wp\/v2\/users\/1"}],"replies":[{"embeddable":true,"href":"http:\/\/www.conserto.de\/_CO\/wp\/index.php?rest_route=%2Fwp%2Fv2%2Fcomments&post=148"}],"version-history":[{"count":6,"href":"http:\/\/www.conserto.de\/_CO\/wp\/index.php?rest_route=\/wp\/v2\/pages\/148\/revisions"}],"predecessor-version":[{"id":383,"href":"http:\/\/www.conserto.de\/_CO\/wp\/index.php?rest_route=\/wp\/v2\/pages\/148\/revisions\/383"}],"wp:attachment":[{"href":"http:\/\/www.conserto.de\/_CO\/wp\/index.php?rest_route=%2Fwp%2Fv2%2Fmedia&parent=148"}],"curies":[{"name":"wp","href":"https:\/\/api.w.org\/{rel}","templated":true}]}}