{"id":141,"date":"2014-09-21T10:39:07","date_gmt":"2014-09-21T08:39:07","guid":{"rendered":"http:\/\/www.conserto.de\/_CO\/wp\/?page_id=141"},"modified":"2024-09-10T19:07:28","modified_gmt":"2024-09-10T17:07:28","slug":"user","status":"publish","type":"page","link":"http:\/\/www.conserto.de\/_CO\/wp\/?page_id=141","title":{"rendered":"User"},"content":{"rendered":"<p>Im Userbereich finden Sie vertiefende Informationen, n\u00fctzliches Know-how, konkretes Handwerkszeug und hilfreiche Tools. Da hinter diesen Ressourcen viel Arbeit und M\u00fche steckt, sind sie nur f\u00fcr die zug\u00e4nglich, deren Identit\u00e4t uns bekannt ist und mit denen wir vertrauensvoll zusammenarbeiten.<\/p>\n<p>Wenn sie also Interesse an unserem Methoden- und Ressourcenpool haben: Werden sie &#8222;Mitt\u00e4ter&#8220; &#8230; und schon kann&#8217;s weitergehen.<\/p>\n","protected":false},"excerpt":{"rendered":"<p>Im Userbereich finden Sie vertiefende Informationen, n\u00fctzliches Know-how, konkretes Handwerkszeug und hilfreiche Tools. Da hinter diesen Ressourcen viel Arbeit und M\u00fche steckt, sind sie nur f\u00fcr die zug\u00e4nglich, deren Identit\u00e4t uns bekannt ist und mit denen wir vertrauensvoll zusammenarbeiten. Wenn sie also Interesse an unserem Methoden- und Ressourcenpool haben: Werden sie &#8222;Mitt\u00e4ter&#8220; &#8230; und schon [&hellip;]<\/p>\n","protected":false},"author":1,"featured_media":0,"parent":0,"menu_order":0,"comment_status":"closed","ping_status":"closed","template":"","meta":[],"_links":{"self":[{"href":"http:\/\/www.conserto.de\/_CO\/wp\/index.php?rest_route=\/wp\/v2\/pages\/141"}],"collection":[{"href":"http:\/\/www.conserto.de\/_CO\/wp\/index.php?rest_route=\/wp\/v2\/pages"}],"about":[{"href":"http:\/\/www.conserto.de\/_CO\/wp\/index.php?rest_route=\/wp\/v2\/types\/page"}],"author":[{"embeddable":true,"href":"http:\/\/www.conserto.de\/_CO\/wp\/index.php?rest_route=\/wp\/v2\/users\/1"}],"replies":[{"embeddable":true,"href":"http:\/\/www.conserto.de\/_CO\/wp\/index.php?rest_route=%2Fwp%2Fv2%2Fcomments&post=141"}],"version-history":[{"count":5,"href":"http:\/\/www.conserto.de\/_CO\/wp\/index.php?rest_route=\/wp\/v2\/pages\/141\/revisions"}],"predecessor-version":[{"id":345,"href":"http:\/\/www.conserto.de\/_CO\/wp\/index.php?rest_route=\/wp\/v2\/pages\/141\/revisions\/345"}],"wp:attachment":[{"href":"http:\/\/www.conserto.de\/_CO\/wp\/index.php?rest_route=%2Fwp%2Fv2%2Fmedia&parent=141"}],"curies":[{"name":"wp","href":"https:\/\/api.w.org\/{rel}","templated":true}]}}