{"id":134,"date":"2014-09-21T10:16:11","date_gmt":"2014-09-21T08:16:11","guid":{"rendered":"http:\/\/www.conserto.de\/_CO\/wp\/?page_id=134"},"modified":"2024-09-10T21:28:51","modified_gmt":"2024-09-10T19:28:51","slug":"wir-ueber-uns","status":"publish","type":"page","link":"http:\/\/www.conserto.de\/_CO\/wp\/?page_id=134","title":{"rendered":"\u00dcber uns"},"content":{"rendered":"<p>Die CONSERTO GmbH besteht seit 2001. Sie ist die gemeinsame Arbeits- und Know-how-Plattform erfahrener Beratungsexperten verschiedener Qualifikationen,&#8230;<\/p>\n<p>&#8230; die das Ziel verbindet, zukunftsf\u00e4hige und hohen Nutzen stiftende L\u00f6sungen und Serviceleistungen f\u00fcr Unternehmen und Organisationen zu erbringen<\/p>\n<p>&#8230; ein Kristallisationspunkt, an dem sich aktuelles Know-how b\u00fcndelt und unter Einbeziehung der Sichtweisen aller relevanten Fachlichkeiten zu ganzheitlichen, nachhaltigen und beim Kunden tats\u00e4chlich wirksamen L\u00f6sungen weiterentwickelt wird<\/p>\n<p>&#8230; ein offenes Unternehmen, in dem neben der Stammbesatzung auch Kundenmitarbeiter, externe Experten und Wissenschaftler mitwirken und willkommen sind. Wir alle k\u00f6nnen von- und miteinander lernen. Die CONSERTO schafft das Umfeld hierf\u00fcr<\/p>\n<p>&#8230; eine Arbeitsumgebung, in der Professionalit\u00e4t, Kollegialit\u00e4t, Seriosit\u00e4t und ein hoher, werte- und sinnzentrierter Anspruch die Grundlagen f\u00fcr erstklassige Ergebnisse legen<\/p>\n<p>&#8230; ein Unternehmen der Unternehmer: Wir alle sind selbst\u00e4ndig, eigenverantwortlich und unabh\u00e4ngig. Pers\u00f6nliche Verantwortlichkeit steht bei uns hoch im Kurs<\/p>\n<p>Das Label CONSERTO steht \u201ein a nutshell\u201c f\u00fcr einen Beratungs- und Serviceansatz eigener Art. Die k\u00fcnftigen Herausforderungen an Unternehmen und Organisationen und die hierzu verf\u00fcgbaren L\u00f6sungsans\u00e4tze sind genauso Gegenstand unserer Arbeit wie Grundlage unserer internen Strukturen und Prozesse.<\/p>\n<p><em><strong>\u00a9<\/strong><strong> CONSERTO 2024<\/strong><\/em><\/p>\n","protected":false},"excerpt":{"rendered":"<p>Die CONSERTO GmbH besteht seit 2001. Sie ist die gemeinsame Arbeits- und Know-how-Plattform erfahrener Beratungsexperten verschiedener Qualifikationen,&#8230; &#8230; die das Ziel verbindet, zukunftsf\u00e4hige und hohen Nutzen stiftende L\u00f6sungen und Serviceleistungen f\u00fcr Unternehmen und Organisationen zu erbringen &#8230; ein Kristallisationspunkt, an dem sich aktuelles Know-how b\u00fcndelt und unter Einbeziehung der Sichtweisen aller relevanten Fachlichkeiten zu ganzheitlichen, [&hellip;]<\/p>\n","protected":false},"author":1,"featured_media":0,"parent":0,"menu_order":0,"comment_status":"closed","ping_status":"closed","template":"","meta":[],"_links":{"self":[{"href":"http:\/\/www.conserto.de\/_CO\/wp\/index.php?rest_route=\/wp\/v2\/pages\/134"}],"collection":[{"href":"http:\/\/www.conserto.de\/_CO\/wp\/index.php?rest_route=\/wp\/v2\/pages"}],"about":[{"href":"http:\/\/www.conserto.de\/_CO\/wp\/index.php?rest_route=\/wp\/v2\/types\/page"}],"author":[{"embeddable":true,"href":"http:\/\/www.conserto.de\/_CO\/wp\/index.php?rest_route=\/wp\/v2\/users\/1"}],"replies":[{"embeddable":true,"href":"http:\/\/www.conserto.de\/_CO\/wp\/index.php?rest_route=%2Fwp%2Fv2%2Fcomments&post=134"}],"version-history":[{"count":4,"href":"http:\/\/www.conserto.de\/_CO\/wp\/index.php?rest_route=\/wp\/v2\/pages\/134\/revisions"}],"predecessor-version":[{"id":370,"href":"http:\/\/www.conserto.de\/_CO\/wp\/index.php?rest_route=\/wp\/v2\/pages\/134\/revisions\/370"}],"wp:attachment":[{"href":"http:\/\/www.conserto.de\/_CO\/wp\/index.php?rest_route=%2Fwp%2Fv2%2Fmedia&parent=134"}],"curies":[{"name":"wp","href":"https:\/\/api.w.org\/{rel}","templated":true}]}}