{"id":118,"date":"2014-09-20T18:07:23","date_gmt":"2014-09-20T16:07:23","guid":{"rendered":"http:\/\/www.conserto.de\/_CO\/wp\/?page_id=118"},"modified":"2024-09-10T18:54:06","modified_gmt":"2024-09-10T16:54:06","slug":"unser-beratungsansatz","status":"publish","type":"page","link":"http:\/\/www.conserto.de\/_CO\/wp\/?page_id=118","title":{"rendered":"Unser Beratungsansatz"},"content":{"rendered":"<p>Am folgenden Beispiel der m\u00f6glichen Begleitung eines Themas wollen wir unseren phasenorientierten Beratungsansatz kurz vorstellen. Nat\u00fcrlich stimmen wir unsere konkrete Unterst\u00fctzung immer auf ihre speziellen W\u00fcnsche und Fragestellungen ab.<\/p>\n<p><strong>Der Einstieg:<\/strong> Eine systematische Bestandsaufnahme des aktuellen Istzustandes und der Ziele f\u00fcr die Zukunft. Dabei identifizieren wir auch bereits vorhandenes Wertvolles. \u201eModische\u201c L\u00f6sungsans\u00e4tze werden dabei nicht kritiklos \u00fcbernommen &#8211; &#8222;Moden&#8220; sind Anregungen, aber genauso kritisch zu hinterfragen das heute Vorhandene.<\/p>\n<p><strong>Danach dann:<\/strong> Relevante Strategien, Vorhaben, Informationen, Methoden, Tools, Prozesse und Teams kl\u00e4ren, bei Erfordernis neu designen und vor allem immer wieder: Alle(!) wesentlichen Aspekte beachten und aufeinander abstimmen \u2013 bis es \u201epasst\u201c bzw. insgesamt \u201erund ist\u201c. Es gibt hierf\u00fcr ein schwedisches Wort, f\u00fcr das es im Deutschen keine Entsprechung gibt: \u201eLAGOM\u201c. Was soviel bedeutet wie &#8222;zweckentsprechend, angemessen, tragf\u00e4hig, belastbar&#8220; &#8211; und noch vieles mehr. Genau das ist es, was wir f\u00fcr unsere Klienten anstreben.<\/p>\n<p><strong>Und begleitend<\/strong> in dieser Design-Phase: Klarheit f\u00fcr alle Beteiligten erreichen. \u00dcberlegungen und Schlussfolgerungen allen Beteiligten kommunizieren. Und immer wieder gemeinsam \u00fcberlegen, wie die definierten Entwicklungsschritte erfolgreich und nachhaltig gegangen werden k\u00f6nnen.<\/p>\n<p><strong>Schlie\u00dflich:<\/strong> Begleitung bei der Umsetzung der neuen Wege, z.B. durch Unterst\u00fctzung bei der Projektsteuerung oder durch Trainings, Reviews, Coaching und Supervision.<\/p>\n<p>Um Einzelne, Teams oder Organisationen bei diesen Schritten unterst\u00fctzen zu k\u00f6nnen, verwenden wir eine Vielzahl von Instrumenten und Vorgehensweisen. Gemeinsam ist ihnen, dass sie darauf ausgerichtet sind, die \u201eGesundheit und Fitness\u201c zu verbessern. Die sachgerechte Auswahl der Methoden treffen wir nat\u00fcrlich gemeinsam mit Ihnen f\u00fcr ihre jeweilige Fragestellung individuell. Dieses gilt auch, wenn wir Sie nur bez\u00fcglich eines speziellen Aspektes begleiten.<\/p>\n<p>Wichtig ist uns dabei, f\u00fcr Sie ein ganzheitliches Portfolio sinnvoller Hilfen und Werkzeuge verf\u00fcgbar zu haben. Hier ist unser Name Programm: Die Kombination verschiedenster <strong>CON<\/strong>sulting-, <strong>SER<\/strong>vice- und <strong>TO<\/strong>ol- Angebote &#8211; um in der Gesamtsicht ein harmonisches CONSERTO zu erreichen. Ja, tats\u00e4chlich, daher r\u00fchrt der Name unseres Unternehmens: Wir m\u00f6chten Sie unterst\u00fctzen, pers\u00f6nlich bzw. mit Ihrem &#8222;Organisationsorchester\u201c in Zukunft immer besser gelingende \u201eKonzerte\u201c zu geben.<\/p>\n<p>Und hierzu ist der integrierte Einsatz von \u201eharten\u201c analytischen Methoden ebenso erforderlich wie die IT-gest\u00fctzte Bereitstellung erforderlicher Informationen und die eher \u201esoften\u201c Techniken der Organisationsentwicklung.<\/p>\n<p>Grundlage unserer Arbeit ist schlie\u00dflich folgende \u00dcberlegung: Ohne eine Orientierung allen Tuns an einen \u201egr\u00f6\u00dferen Rahmen\u201c, d.h. an sinnvoll erlebtem Tun und tragf\u00e4higen Werten, fehlt letztlich der Ma\u00dfstab des Handelns. F\u00fcr uns haben wir entschieden, eine prim\u00e4r humanistische und sinnzentrierte Sichtweise zu verfolgen \u2013 auch und gerade im oft \u201eharten&#8220; Business.<\/p>\n","protected":false},"excerpt":{"rendered":"<p>Am folgenden Beispiel der m\u00f6glichen Begleitung eines Themas wollen wir unseren phasenorientierten Beratungsansatz kurz vorstellen. Nat\u00fcrlich stimmen wir unsere konkrete Unterst\u00fctzung immer auf ihre speziellen W\u00fcnsche und Fragestellungen ab. Der Einstieg: Eine systematische Bestandsaufnahme des aktuellen Istzustandes und der Ziele f\u00fcr die Zukunft. Dabei identifizieren wir auch bereits vorhandenes Wertvolles. \u201eModische\u201c L\u00f6sungsans\u00e4tze werden dabei nicht [&hellip;]<\/p>\n","protected":false},"author":1,"featured_media":0,"parent":0,"menu_order":0,"comment_status":"closed","ping_status":"closed","template":"","meta":[],"_links":{"self":[{"href":"http:\/\/www.conserto.de\/_CO\/wp\/index.php?rest_route=\/wp\/v2\/pages\/118"}],"collection":[{"href":"http:\/\/www.conserto.de\/_CO\/wp\/index.php?rest_route=\/wp\/v2\/pages"}],"about":[{"href":"http:\/\/www.conserto.de\/_CO\/wp\/index.php?rest_route=\/wp\/v2\/types\/page"}],"author":[{"embeddable":true,"href":"http:\/\/www.conserto.de\/_CO\/wp\/index.php?rest_route=\/wp\/v2\/users\/1"}],"replies":[{"embeddable":true,"href":"http:\/\/www.conserto.de\/_CO\/wp\/index.php?rest_route=%2Fwp%2Fv2%2Fcomments&post=118"}],"version-history":[{"count":7,"href":"http:\/\/www.conserto.de\/_CO\/wp\/index.php?rest_route=\/wp\/v2\/pages\/118\/revisions"}],"predecessor-version":[{"id":335,"href":"http:\/\/www.conserto.de\/_CO\/wp\/index.php?rest_route=\/wp\/v2\/pages\/118\/revisions\/335"}],"wp:attachment":[{"href":"http:\/\/www.conserto.de\/_CO\/wp\/index.php?rest_route=%2Fwp%2Fv2%2Fmedia&parent=118"}],"curies":[{"name":"wp","href":"https:\/\/api.w.org\/{rel}","templated":true}]}}