{"id":115,"date":"2014-09-20T17:59:14","date_gmt":"2014-09-20T15:59:14","guid":{"rendered":"http:\/\/www.conserto.de\/_CO\/wp\/?page_id=115"},"modified":"2024-09-10T18:39:09","modified_gmt":"2024-09-10T16:39:09","slug":"kongruenz-tut-not","status":"publish","type":"page","link":"http:\/\/www.conserto.de\/_CO\/wp\/?page_id=115","title":{"rendered":"Kongruenz tut not !"},"content":{"rendered":"<h2><em><strong>\u201eAlles Sein ist Schwingung \u2013 und Schwingung in Resonanz ist Harmonie\u201c<\/strong><\/em><\/h2>\n<p>Nicht nur in der Musik sind harmonische Schwingungen Voraussetzung f\u00fcr ein gelungenes Ergebnis. Schon f\u00fcr sich selbst wei\u00df jeder, dass f\u00fcr ihn das gleiche gilt: Man denke nur an die hohe Produktivit\u00e4t, wenn man bei einer T\u00e4tigkeit in \u201eFlow\u201c gelangt. Effektivit\u00e4t und Effizienz sind in dieser Situation maximal.<\/p>\n<p>Und auch f\u00fcr Unternehmen und Organisationen gilt dieses Prinzip: Wenn Teams und Prozesse wirklich gut zusammenwirken, werden Ergebnisse erreicht, die unter anderen Bedingungen ein Vielfaches an Zeit und Energie kosten.<\/p>\n<p>Wie bei gelungener Musik entsteht diese\u00a0<strong>Kongruenz<\/strong>\u00a0nicht von allein: Die notwendige Abstimmung aller relevanten Einflussfaktoren erfordert vielmehr systematische Arbeit und Lernprozesse.<\/p>\n<p>Und gerade in unserer Zeit sich st\u00e4ndig \u00e4ndernder Anforderungen und M\u00f6glichkeiten ist es umso wichtiger, dass jeder Einzelne, jedes Team und jede Organisation ein hohes Ma\u00df an \u201eeingeschwungenen\u201c Zust\u00e4nden erreicht bzw. durch und nach Ver\u00e4nderungen wieder erreicht.<\/p>\n<p>Die oft unvermeidlich hohe Ver\u00e4nderungsgeschwindigkeit ist dabei Ursache vieler Probleme. Einen Marathonlauf \u2013 und ein solcher ist das auf Dauer angelegte Handeln jeder Person und Organisation \u2013 wird man nicht erfolgreich bew\u00e4ltigen, wenn man einfach mit aller Kraft lossprintet. Vielmehr ist eine gut \u00fcberlegte Vorgehensweise entscheidende Erfolgsvoraussetzung.<\/p>\n<p>Wohin f\u00fchren diese \u00dcberlegungen? Dahin, dass wir besonderen Wert darauf legen m\u00fcssen, dass die einzelnen Aspekte der Person bzw. Organisation in sich und mit ihren internen und externen Partnern ein gut funktionierendes Zusammenspiel erreichen. Der oder die Beteiligten \u2013 und seien sie noch so qualifiziert und motiviert \u2013 geraten anderenfalls leicht in einen Strudel von Aktionismus, Verunsicherung und \u00dcberlastung.<\/p>\n<p>Es gibt also Gr\u00fcnde, sich mit dem Gedanken der Kongruenz und dem darin liegenden hohen Produktivit\u00e4tspotential zu besch\u00e4ftigen. Und genau das haben wir intensiv getan. Entstanden ist daraus ein Beratungs- und Unterst\u00fctzungsansatz eigener Art. Wir haben die verschiedensten Methoden und Vorgehensweisen auf Eignung und Praktikabilit\u00e4t abgeklopft \u2013 und ausgew\u00e4hlt und kombiniert, was dabei erfolgskritisch ist.<\/p>\n<p><a href=\"http:\/\/www.conserto.de\/_CO\/wp\/wp-content\/uploads\/2014\/09\/image004.jpg\"><img decoding=\"async\" loading=\"lazy\" class=\"alignnone  wp-image-66\" src=\"http:\/\/www.conserto.de\/_CO\/wp\/wp-content\/uploads\/2014\/09\/image004.jpg\" alt=\"image004\" width=\"324\" height=\"295\" \/><\/a><\/p>\n","protected":false},"excerpt":{"rendered":"<p>\u201eAlles Sein ist Schwingung \u2013 und Schwingung in Resonanz ist Harmonie\u201c Nicht nur in der Musik sind harmonische Schwingungen Voraussetzung f\u00fcr ein gelungenes Ergebnis. Schon f\u00fcr sich selbst wei\u00df jeder, dass f\u00fcr ihn das gleiche gilt: Man denke nur an die hohe Produktivit\u00e4t, wenn man bei einer T\u00e4tigkeit in \u201eFlow\u201c gelangt. Effektivit\u00e4t und Effizienz sind [&hellip;]<\/p>\n","protected":false},"author":1,"featured_media":0,"parent":0,"menu_order":0,"comment_status":"closed","ping_status":"closed","template":"","meta":[],"_links":{"self":[{"href":"http:\/\/www.conserto.de\/_CO\/wp\/index.php?rest_route=\/wp\/v2\/pages\/115"}],"collection":[{"href":"http:\/\/www.conserto.de\/_CO\/wp\/index.php?rest_route=\/wp\/v2\/pages"}],"about":[{"href":"http:\/\/www.conserto.de\/_CO\/wp\/index.php?rest_route=\/wp\/v2\/types\/page"}],"author":[{"embeddable":true,"href":"http:\/\/www.conserto.de\/_CO\/wp\/index.php?rest_route=\/wp\/v2\/users\/1"}],"replies":[{"embeddable":true,"href":"http:\/\/www.conserto.de\/_CO\/wp\/index.php?rest_route=%2Fwp%2Fv2%2Fcomments&post=115"}],"version-history":[{"count":3,"href":"http:\/\/www.conserto.de\/_CO\/wp\/index.php?rest_route=\/wp\/v2\/pages\/115\/revisions"}],"predecessor-version":[{"id":329,"href":"http:\/\/www.conserto.de\/_CO\/wp\/index.php?rest_route=\/wp\/v2\/pages\/115\/revisions\/329"}],"wp:attachment":[{"href":"http:\/\/www.conserto.de\/_CO\/wp\/index.php?rest_route=%2Fwp%2Fv2%2Fmedia&parent=115"}],"curies":[{"name":"wp","href":"https:\/\/api.w.org\/{rel}","templated":true}]}}