{"id":111,"date":"2014-09-20T17:52:54","date_gmt":"2014-09-20T15:52:54","guid":{"rendered":"http:\/\/www.conserto.de\/_CO\/wp\/?page_id=111"},"modified":"2024-09-10T18:35:27","modified_gmt":"2024-09-10T16:35:27","slug":"intro-sind-sie-hier-richtig","status":"publish","type":"page","link":"http:\/\/www.conserto.de\/_CO\/wp\/?page_id=111","title":{"rendered":"Intro &#8211; Sind Sie hier richtig ?"},"content":{"rendered":"<p>Bevor Sie sich n\u00e4her mit unseren Angeboten besch\u00e4ftigen, m\u00f6chten wir Sie bitten, einmal kurz anhand der folgenden Aspekte zu \u00fcberlegen, ob und wie Sie die aktuelle Situation Ihrer Organisation in diesen Aussagen wiederfinden. Falls Sie einige Aspekte ansprechen, haben wir vielleicht Antworten f\u00fcr Sie und das Weiterlesen lohnt sich umso mehr \u2026<\/p>\n<h3><a href=\"http:\/\/www.conserto.de\/_CO\/wp\/wp-content\/uploads\/2014\/09\/Moderne-Zeiten.jpg\"><img decoding=\"async\" loading=\"lazy\" class=\"alignnone  wp-image-246\" src=\"http:\/\/www.conserto.de\/_CO\/wp\/wp-content\/uploads\/2014\/09\/Moderne-Zeiten.jpg\" alt=\"Moderne Zeiten\" width=\"135\" height=\"86\" srcset=\"http:\/\/www.conserto.de\/_CO\/wp\/wp-content\/uploads\/2014\/09\/Moderne-Zeiten.jpg 1138w, http:\/\/www.conserto.de\/_CO\/wp\/wp-content\/uploads\/2014\/09\/Moderne-Zeiten-300x192.jpg 300w, http:\/\/www.conserto.de\/_CO\/wp\/wp-content\/uploads\/2014\/09\/Moderne-Zeiten-1024x655.jpg 1024w, http:\/\/www.conserto.de\/_CO\/wp\/wp-content\/uploads\/2014\/09\/Moderne-Zeiten-624x399.jpg 624w\" sizes=\"(max-width: 135px) 100vw, 135px\" \/><\/a> \u00a0<a href=\"http:\/\/www.conserto.de\/_CO\/wp\/wp-content\/uploads\/2014\/09\/Leitbild-Gesunde-Organisation.jpg\"> <img decoding=\"async\" loading=\"lazy\" class=\"alignnone  wp-image-247\" src=\"http:\/\/www.conserto.de\/_CO\/wp\/wp-content\/uploads\/2014\/09\/Leitbild-Gesunde-Organisation.jpg\" alt=\"Leitbild Gesunde Organisation\" width=\"137\" height=\"88\" srcset=\"http:\/\/www.conserto.de\/_CO\/wp\/wp-content\/uploads\/2014\/09\/Leitbild-Gesunde-Organisation.jpg 1139w, http:\/\/www.conserto.de\/_CO\/wp\/wp-content\/uploads\/2014\/09\/Leitbild-Gesunde-Organisation-300x192.jpg 300w, http:\/\/www.conserto.de\/_CO\/wp\/wp-content\/uploads\/2014\/09\/Leitbild-Gesunde-Organisation-1024x657.jpg 1024w, http:\/\/www.conserto.de\/_CO\/wp\/wp-content\/uploads\/2014\/09\/Leitbild-Gesunde-Organisation-624x400.jpg 624w\" sizes=\"(max-width: 137px) 100vw, 137px\" \/> \u00a0 <\/a><a href=\"http:\/\/www.conserto.de\/_CO\/wp\/wp-content\/uploads\/2014\/09\/Situationen-1.jpg\"><img decoding=\"async\" loading=\"lazy\" class=\"alignnone  wp-image-248\" src=\"http:\/\/www.conserto.de\/_CO\/wp\/wp-content\/uploads\/2014\/09\/Situationen-1.jpg\" alt=\"Situationen 1\" width=\"137\" height=\"88\" srcset=\"http:\/\/www.conserto.de\/_CO\/wp\/wp-content\/uploads\/2014\/09\/Situationen-1.jpg 1138w, http:\/\/www.conserto.de\/_CO\/wp\/wp-content\/uploads\/2014\/09\/Situationen-1-300x192.jpg 300w, http:\/\/www.conserto.de\/_CO\/wp\/wp-content\/uploads\/2014\/09\/Situationen-1-1024x657.jpg 1024w, http:\/\/www.conserto.de\/_CO\/wp\/wp-content\/uploads\/2014\/09\/Situationen-1-624x400.jpg 624w\" sizes=\"(max-width: 137px) 100vw, 137px\" \/><\/a>\u00a0 <a href=\"http:\/\/www.conserto.de\/_CO\/wp\/wp-content\/uploads\/2014\/09\/Situationen-21.jpg\"><img decoding=\"async\" loading=\"lazy\" class=\"alignnone  wp-image-251\" src=\"http:\/\/www.conserto.de\/_CO\/wp\/wp-content\/uploads\/2014\/09\/Situationen-21.jpg\" alt=\"Situationen 2\" width=\"142\" height=\"91\" srcset=\"http:\/\/www.conserto.de\/_CO\/wp\/wp-content\/uploads\/2014\/09\/Situationen-21.jpg 1136w, http:\/\/www.conserto.de\/_CO\/wp\/wp-content\/uploads\/2014\/09\/Situationen-21-300x191.jpg 300w, http:\/\/www.conserto.de\/_CO\/wp\/wp-content\/uploads\/2014\/09\/Situationen-21-1024x655.jpg 1024w, http:\/\/www.conserto.de\/_CO\/wp\/wp-content\/uploads\/2014\/09\/Situationen-21-624x399.jpg 624w\" sizes=\"(max-width: 142px) 100vw, 142px\" \/><\/a><\/h3>\n<p>[ Zum Betrachten Thumbnails anklicken ]<\/p>\n","protected":false},"excerpt":{"rendered":"<p>Bevor Sie sich n\u00e4her mit unseren Angeboten besch\u00e4ftigen, m\u00f6chten wir Sie bitten, einmal kurz anhand der folgenden Aspekte zu \u00fcberlegen, ob und wie Sie die aktuelle Situation Ihrer Organisation in diesen Aussagen wiederfinden. Falls Sie einige Aspekte ansprechen, haben wir vielleicht Antworten f\u00fcr Sie und das Weiterlesen lohnt sich umso mehr \u2026 \u00a0 \u00a0 \u00a0 [&hellip;]<\/p>\n","protected":false},"author":1,"featured_media":0,"parent":0,"menu_order":0,"comment_status":"closed","ping_status":"closed","template":"","meta":[],"_links":{"self":[{"href":"http:\/\/www.conserto.de\/_CO\/wp\/index.php?rest_route=\/wp\/v2\/pages\/111"}],"collection":[{"href":"http:\/\/www.conserto.de\/_CO\/wp\/index.php?rest_route=\/wp\/v2\/pages"}],"about":[{"href":"http:\/\/www.conserto.de\/_CO\/wp\/index.php?rest_route=\/wp\/v2\/types\/page"}],"author":[{"embeddable":true,"href":"http:\/\/www.conserto.de\/_CO\/wp\/index.php?rest_route=\/wp\/v2\/users\/1"}],"replies":[{"embeddable":true,"href":"http:\/\/www.conserto.de\/_CO\/wp\/index.php?rest_route=%2Fwp%2Fv2%2Fcomments&post=111"}],"version-history":[{"count":11,"href":"http:\/\/www.conserto.de\/_CO\/wp\/index.php?rest_route=\/wp\/v2\/pages\/111\/revisions"}],"predecessor-version":[{"id":327,"href":"http:\/\/www.conserto.de\/_CO\/wp\/index.php?rest_route=\/wp\/v2\/pages\/111\/revisions\/327"}],"wp:attachment":[{"href":"http:\/\/www.conserto.de\/_CO\/wp\/index.php?rest_route=%2Fwp%2Fv2%2Fmedia&parent=111"}],"curies":[{"name":"wp","href":"https:\/\/api.w.org\/{rel}","templated":true}]}}